{"id":3936,"date":"2025-01-24T10:35:26","date_gmt":"2025-01-24T09:35:26","guid":{"rendered":"https:\/\/blog.alwaysdata.com\/?page_id=3936"},"modified":"2025-01-24T10:35:26","modified_gmt":"2025-01-24T09:35:26","slug":"blog-archive","status":"publish","type":"page","link":"https:\/\/blog.alwaysdata.com\/fr\/","title":{"rendered":"Blog archiv\u00e9"},"content":{"rendered":"\n<h1 class=\"wp-block-heading\">Blog archiv\u00e9<\/h1>\n\n\n\n<hr class=\"wp-block-separator has-alpha-channel-opacity\">\n\n\n\n<p>Notre blog est d\u00e9sormais archiv\u00e9&nbsp;!<\/p>\n\n\n\n<p>Pour suivre l\u2019\u00e9volution de notre plateforme, et occasionnellement d\u2019autres types d\u2019information, merci de consulter notre <a href=\"https:\/\/changelog.alwaysdata.com\/\" data-type=\"link\" data-id=\"https:\/\/changelog.alwaysdata.com\/\">CHANGELOG<\/a>.<\/p>\n\n\n\n<hr class=\"wp-block-separator has-alpha-channel-opacity\">\n\n\n<ul class=\"wp-block-latest-posts__list wp-block-latest-posts\"><li><a class=\"wp-block-latest-posts__post-title\" href=\"https:\/\/blog.alwaysdata.com\/fr\/2023\/03\/14\/accrochez-vous-a-vos-chaussettes-hebergement-de-donnees-a-grande-vitesse-avec-websockets\/\">Accrochez-vous \u00e0&nbsp;vos chaussettes&nbsp;: h\u00e9bergement de donn\u00e9es \u00e0&nbsp;grande vitesse avec WebSockets<\/a><\/li>\n<li><a class=\"wp-block-latest-posts__post-title\" href=\"https:\/\/blog.alwaysdata.com\/fr\/2023\/02\/01\/devops-react-we-can-be-heroes-just-for-one-app\/\">Devops React&nbsp;: \u00ab&nbsp;We can be Heroes, just for one&nbsp;app&nbsp;\u00bb<\/a><\/li>\n<li><a class=\"wp-block-latest-posts__post-title\" href=\"https:\/\/blog.alwaysdata.com\/fr\/2022\/11\/29\/modification-de-nos-tarifs\/\">Modification de nos tarifs<\/a><\/li>\n<li><a class=\"wp-block-latest-posts__post-title\" href=\"https:\/\/blog.alwaysdata.com\/fr\/2022\/02\/01\/2022-au-rapport\/\">2022, au rapport&nbsp;!<\/a><\/li>\n<li><a class=\"wp-block-latest-posts__post-title\" href=\"https:\/\/blog.alwaysdata.com\/fr\/2021\/04\/08\/services-kill-the-daemons\/\">Services&nbsp;: <em>Kill the Daemons<\/em>&nbsp;!<\/a><\/li>\n<li><a class=\"wp-block-latest-posts__post-title\" href=\"https:\/\/blog.alwaysdata.com\/fr\/2021\/03\/18\/catastrophes-et-pca-le-cloud-quand-tout-va-mal\/\">Catastrophes et PCA&nbsp;: le Cloud quand tout va&nbsp;mal<\/a><\/li>\n<li><a class=\"wp-block-latest-posts__post-title\" href=\"https:\/\/blog.alwaysdata.com\/fr\/2021\/01\/14\/nouvelle-annee-2021\/\">Nouvelle Ann\u00e9e&nbsp;: 2021<\/a><\/li>\n<li><a class=\"wp-block-latest-posts__post-title\" href=\"https:\/\/blog.alwaysdata.com\/fr\/2020\/11\/10\/debout-sur-les-epaules-des-geants-voici-catalyst\/\">Debout sur les \u00e9paules des g\u00e9ants&nbsp;: Voici Catalyst&nbsp;!<\/a><\/li>\n<li><a class=\"wp-block-latest-posts__post-title\" href=\"https:\/\/blog.alwaysdata.com\/fr\/2020\/06\/23\/un-nouvel-espoir-pour-le-developpement-frontend-adieu-le-build\/\">Un nouvel espoir pour le d\u00e9veloppement frontend&nbsp;: adieu, le&nbsp;build&nbsp;!<\/a><\/li>\n<li><a class=\"wp-block-latest-posts__post-title\" href=\"https:\/\/blog.alwaysdata.com\/fr\/2020\/06\/02\/les-sept-cercles-de-lenfer-des-dependances-le-guide-ultime-pour-passer-au-developpement-distant\/\">Les sept cercles de l\u2019enfer des d\u00e9pendances&nbsp;: le guide ultime pour passer au d\u00e9veloppement distant<\/a><\/li>\n<li><a class=\"wp-block-latest-posts__post-title\" href=\"https:\/\/blog.alwaysdata.com\/fr\/2020\/05\/14\/api-lets-encrypt-v2-un-cert-pour-les-securiser-tous\/\">API Let\u2019s Encrypt v2&nbsp;: Un CERT pour les s\u00e9curiser tous<\/a><\/li>\n<li><a class=\"wp-block-latest-posts__post-title\" href=\"https:\/\/blog.alwaysdata.com\/fr\/2020\/05\/11\/de-jessie-a-buster-le-cloud-mis-a-niveau\/\">De Jessie \u00e0&nbsp;Buster&nbsp;: le <i>Cloud<\/i> mis \u00e0&nbsp;niveau<\/a><\/li>\n<li><a class=\"wp-block-latest-posts__post-title\" href=\"https:\/\/blog.alwaysdata.com\/fr\/2020\/03\/16\/covid-19-continuite-du-service\/\">COVID-19&nbsp;: Continuit\u00e9 du service<\/a><\/li>\n<li><a class=\"wp-block-latest-posts__post-title\" href=\"https:\/\/blog.alwaysdata.com\/fr\/2020\/03\/03\/harderware-better-faster-stronger\/\">Hard<del>er<\/del>ware&nbsp;: Better, Faster, Stronger<\/a><\/li>\n<li><a class=\"wp-block-latest-posts__post-title\" href=\"https:\/\/blog.alwaysdata.com\/fr\/2020\/01\/16\/who-you-gonna-call\/\">Who you gonna&nbsp;call\u2026?<\/a><\/li>\n<li><a class=\"wp-block-latest-posts__post-title\" href=\"https:\/\/blog.alwaysdata.com\/fr\/2019\/11\/19\/applications-multi-plateformes-avec-alwaysdata\/\">Applications multi-plateformes avec alwaysdata<\/a><\/li>\n<li><a class=\"wp-block-latest-posts__post-title\" href=\"https:\/\/blog.alwaysdata.com\/fr\/2019\/09\/10\/la-crypto-de-zero\/\">La Crypto de&nbsp;Z\u00e9ro<\/a><\/li>\n<li><a class=\"wp-block-latest-posts__post-title\" href=\"https:\/\/blog.alwaysdata.com\/fr\/2019\/07\/09\/les-projets-libres-de-lete\/\">Les projets Libres de&nbsp;l\u2019\u00e9t\u00e9&nbsp;!<\/a><\/li>\n<li><a class=\"wp-block-latest-posts__post-title\" href=\"https:\/\/blog.alwaysdata.com\/fr\/2019\/05\/16\/deux-mois-et-pas-une-ride\/\">Deux mois, et pas une&nbsp;ride&nbsp;!<\/a><\/li>\n<li><a class=\"wp-block-latest-posts__post-title\" href=\"https:\/\/blog.alwaysdata.com\/fr\/2019\/03\/19\/la-route-la-ou-on-va-on-na-pas-besoin-de-route\/\">La route&nbsp;? L\u00e0 o\u00f9 on va, on n\u2019a pas besoin de&nbsp;route&nbsp;!<\/a><\/li>\n<li><a class=\"wp-block-latest-posts__post-title\" href=\"https:\/\/blog.alwaysdata.com\/fr\/2019\/01\/31\/2019-plus-que-jamais-avec-vous\/\">2019&nbsp;: plus que jamais avec&nbsp;vous&nbsp;!<\/a><\/li>\n<li><a class=\"wp-block-latest-posts__post-title\" href=\"https:\/\/blog.alwaysdata.com\/fr\/2018\/12\/18\/et-si-on-simplifiait-la-livraison-vous-etes-prets\/\">Et si on simplifiait la livraison&nbsp;: vous \u00eates&nbsp;pr\u00eats&nbsp;?<\/a><\/li>\n<li><a class=\"wp-block-latest-posts__post-title\" href=\"https:\/\/blog.alwaysdata.com\/fr\/2018\/12\/13\/rencontre-avec-des-fabricants-du-web-3-questions-a-occitech\/\">Rencontre avec des fabricants du web&nbsp;: 3&nbsp;questions \u00e0&nbsp;Occitech<\/a><\/li>\n<li><a class=\"wp-block-latest-posts__post-title\" href=\"https:\/\/blog.alwaysdata.com\/fr\/2018\/12\/11\/restez-en-contact-les-listes-de-diffusion-sont-enfin-la\/\">Restez en contact&nbsp;: les listes de diffusion sont enfin&nbsp;l\u00e0&nbsp;!<\/a><\/li>\n<li><a class=\"wp-block-latest-posts__post-title\" href=\"https:\/\/blog.alwaysdata.com\/fr\/2018\/12\/04\/decouvrez-notre-interface-de-planification-tout-beau-tout-chaud\/\">D\u00e9couvrez notre interface de planification, tout beau tout&nbsp;chaud&nbsp;!<\/a><\/li>\n<li><a class=\"wp-block-latest-posts__post-title\" href=\"https:\/\/blog.alwaysdata.com\/fr\/2018\/11\/29\/frameworks-debutez-sur-de-bonnes-bases\/\">Frameworks&nbsp;: d\u00e9butez sur de bonnes bases<\/a><\/li>\n<li><a class=\"wp-block-latest-posts__post-title\" href=\"https:\/\/blog.alwaysdata.com\/fr\/2018\/11\/13\/etes-vous-prets-a-redemarrer-la-matrice\/\">\u00cates-vous pr\u00eats \u00e0&nbsp;red\u00e9marrer la Matrice&nbsp;?<\/a><\/li>\n<li><a class=\"wp-block-latest-posts__post-title\" href=\"https:\/\/blog.alwaysdata.com\/fr\/2018\/09\/20\/alwaysdata-aux-cote-des-etudiant%c2%b7e%c2%b7s-et-de-leurs-enseignant%c2%b7e%c2%b7s\/\">alwaysdata aux c\u00f4t\u00e9s des \u00e9tudiant\u00b7e\u00b7s et de leurs enseignant\u00b7e\u00b7s<\/a><\/li>\n<li><a class=\"wp-block-latest-posts__post-title\" href=\"https:\/\/blog.alwaysdata.com\/fr\/2018\/09\/18\/conferences-a-venir-pour-2018\/\">Conf\u00e9rences \u00e0&nbsp;venir pour&nbsp;2018<\/a><\/li>\n<li><a class=\"wp-block-latest-posts__post-title\" href=\"https:\/\/blog.alwaysdata.com\/fr\/2018\/07\/26\/les-logs-personnalises\/\">Les logs personnalis\u00e9s<\/a><\/li>\n<li><a class=\"wp-block-latest-posts__post-title\" href=\"https:\/\/blog.alwaysdata.com\/fr\/2018\/07\/25\/le-cache-http\/\">Le cache&nbsp;HTTP<\/a><\/li>\n<li><a class=\"wp-block-latest-posts__post-title\" href=\"https:\/\/blog.alwaysdata.com\/fr\/2018\/07\/24\/le-pare-feu-applicatif-web-waf\/\">Le pare-feu applicatif web (WAF)<\/a><\/li>\n<li><a class=\"wp-block-latest-posts__post-title\" href=\"https:\/\/blog.alwaysdata.com\/fr\/2018\/06\/08\/soutenons-lopen-source\/\">Soutenons l\u2019open source&nbsp;!<\/a><\/li>\n<li><a class=\"wp-block-latest-posts__post-title\" href=\"https:\/\/blog.alwaysdata.com\/fr\/2018\/05\/15\/nos-communautes-sont-importantes\/\">Nos communaut\u00e9s sont importantes<\/a><\/li>\n<li><a class=\"wp-block-latest-posts__post-title\" href=\"https:\/\/blog.alwaysdata.com\/fr\/2018\/05\/07\/quels-changements-suite-a-la-mise-en-application-du-rgpd\/\">Quels changements suite \u00e0&nbsp;la mise en application du&nbsp;RGPD&nbsp;?<\/a><\/li>\n<li><a class=\"wp-block-latest-posts__post-title\" href=\"https:\/\/blog.alwaysdata.com\/fr\/2018\/05\/04\/nous-y-serons-rencontres-et-conferences-de-mai-et-juin-2018\/\">Nous y&nbsp;serons&nbsp;: rencontres et conf\u00e9rences de mai et juin&nbsp;2018<\/a><\/li>\n<li><a class=\"wp-block-latest-posts__post-title\" href=\"https:\/\/blog.alwaysdata.com\/fr\/2018\/03\/27\/securiser-son-acces-distant-efficacement\/\">S\u00e9curiser son acc\u00e8s distant efficacement<\/a><\/li>\n<li><a class=\"wp-block-latest-posts__post-title\" href=\"https:\/\/blog.alwaysdata.com\/fr\/2018\/03\/05\/saas-paas-iaas-quelles-differences-et-comment-choisir\/\">SaaS, PaaS, IaaS&nbsp;: quelles diff\u00e9rences, et comment choisir&nbsp;?<\/a><\/li>\n<li><a class=\"wp-block-latest-posts__post-title\" href=\"https:\/\/blog.alwaysdata.com\/fr\/2018\/02\/20\/quatre-ans-plus-tard-retour-sur-notre-independance\/\">Quatre ans plus tard, retour sur notre ind\u00e9pendance<\/a><\/li>\n<li><a class=\"wp-block-latest-posts__post-title\" href=\"https:\/\/blog.alwaysdata.com\/fr\/2018\/02\/12\/php-est-toujours-la\/\">PHP est toujours l\u00e0<\/a><\/li>\n<li><a class=\"wp-block-latest-posts__post-title\" href=\"https:\/\/blog.alwaysdata.com\/fr\/2018\/02\/05\/deployer-sans-peine-avec-git-hooks\/\">D\u00e9ployer sans peine avec Git&nbsp;hooks<\/a><\/li>\n<li><a class=\"wp-block-latest-posts__post-title\" href=\"https:\/\/blog.alwaysdata.com\/fr\/2018\/02\/01\/ipv6-pour-les-gouverner-tous\/\">IPv6 pour les gouverner tous<\/a><\/li>\n<li><a class=\"wp-block-latest-posts__post-title\" href=\"https:\/\/blog.alwaysdata.com\/fr\/2018\/01\/28\/pourquoi-la-vie-privee-est-elle-importante\/\">Pourquoi la vie priv\u00e9e est-elle importante&nbsp;?<\/a><\/li>\n<li><a class=\"wp-block-latest-posts__post-title\" href=\"https:\/\/blog.alwaysdata.com\/fr\/2018\/01\/22\/de-2017-a-2018-lhebergement-chez-alwaysdata-sous-hyperloop\/\">De 2017 \u00e0&nbsp;2018, l\u2019h\u00e9bergement chez alwaysdata sous Hyperl\u221ep&nbsp;!<\/a><\/li>\n<li><a class=\"wp-block-latest-posts__post-title\" href=\"https:\/\/blog.alwaysdata.com\/fr\/2017\/11\/22\/heberger-une-application-elixir-chez-alwaysdata\/\">H\u00e9berger une application Elixir chez alwaysdata<\/a><\/li>\n<li><a class=\"wp-block-latest-posts__post-title\" href=\"https:\/\/blog.alwaysdata.com\/fr\/2017\/10\/05\/support-gestion-des-contacts\/\">Support&nbsp;: gestion des contacts<\/a><\/li>\n<li><a class=\"wp-block-latest-posts__post-title\" href=\"https:\/\/blog.alwaysdata.com\/fr\/2017\/09\/18\/heberger-une-application-go-avec-alwaysdata\/\">H\u00e9berger une application Go avec alwaysdata<\/a><\/li>\n<li><a class=\"wp-block-latest-posts__post-title\" href=\"https:\/\/blog.alwaysdata.com\/fr\/2017\/09\/12\/heberger-une-application-lua-chez-alwaysdata\/\">H\u00e9berger une application Lua chez alwaysdata<\/a><\/li>\n<li><a class=\"wp-block-latest-posts__post-title\" href=\"https:\/\/blog.alwaysdata.com\/fr\/2017\/09\/05\/heberger-une-application-node-js-chez-alwaysdata\/\">H\u00e9berger une application Node.js chez alwaysdata<\/a><\/li>\n<li><a class=\"wp-block-latest-posts__post-title\" href=\"https:\/\/blog.alwaysdata.com\/fr\/2017\/08\/28\/nouveaux-langages-cest-parti\/\">Nouveaux langages&nbsp;: c\u2019est&nbsp;parti&nbsp;!<\/a><\/li>\n<li><a class=\"wp-block-latest-posts__post-title\" href=\"https:\/\/blog.alwaysdata.com\/fr\/2017\/01\/24\/python-3-6-ruby-2-4-et-les-autres\/\">Python 3.6, Ruby 2.4 et les autres<\/a><\/li>\n<li><a class=\"wp-block-latest-posts__post-title\" href=\"https:\/\/blog.alwaysdata.com\/fr\/2017\/01\/19\/parrainez-des-filleuls-et-gagnez-des-commissions\/\">Parrainez des filleuls et gagnez des commissions&nbsp;!<\/a><\/li>\n<li><a class=\"wp-block-latest-posts__post-title\" href=\"https:\/\/blog.alwaysdata.com\/fr\/2017\/01\/11\/dix-fois-plus-despace-sur-notre-offre-gratuite\/\">Dix fois plus d\u2019espace sur notre offre gratuite<\/a><\/li>\n<li><a class=\"wp-block-latest-posts__post-title\" href=\"https:\/\/blog.alwaysdata.com\/fr\/2017\/01\/05\/la-vision-alwaysdata-pour-2017\/\">La vision alwaysdata pour&nbsp;2017<\/a><\/li>\n<li><a class=\"wp-block-latest-posts__post-title\" href=\"https:\/\/blog.alwaysdata.com\/fr\/2016\/11\/28\/https-support-natif-de-lets-encrypt\/\">HTTPS&nbsp;: support natif de Let\u2019s Encrypt<\/a><\/li>\n<li><a class=\"wp-block-latest-posts__post-title\" href=\"https:\/\/blog.alwaysdata.com\/fr\/2016\/10\/27\/a-la-decouverte-de-notre-nouveau-reverse-proxy-alproxy-5\/\">\u00c0 la d\u00e9couverte de notre nouveau reverse-proxy&nbsp;: alproxy 5<\/a><\/li>\n<li><a class=\"wp-block-latest-posts__post-title\" href=\"https:\/\/blog.alwaysdata.com\/fr\/2016\/10\/03\/lauthentification-a-2-facteurs-disponible\/\">L\u2019authentification \u00e0&nbsp;2&nbsp;facteurs disponible<\/a><\/li>\n<li><a class=\"wp-block-latest-posts__post-title\" href=\"https:\/\/blog.alwaysdata.com\/fr\/2016\/06\/28\/on-y-etait\/\">On y&nbsp;\u00e9tait&nbsp;!<\/a><\/li>\n<li><a class=\"wp-block-latest-posts__post-title\" href=\"https:\/\/blog.alwaysdata.com\/fr\/2016\/05\/19\/notre-presence-sur-3-conferences\/\">Notre pr\u00e9sence sur 3&nbsp;conf\u00e9rences<\/a><\/li>\n<li><a class=\"wp-block-latest-posts__post-title\" href=\"https:\/\/blog.alwaysdata.com\/fr\/2016\/05\/02\/mutualise-trois-nouveautes\/\">Mutualis\u00e9&nbsp;: trois nouveaut\u00e9s<\/a><\/li>\n<li><a class=\"wp-block-latest-posts__post-title\" href=\"https:\/\/blog.alwaysdata.com\/fr\/2016\/02\/29\/les-serveurs-virtuels-sont-bien-reels\/\">Les serveurs virtuels sont bien&nbsp;r\u00e9els<\/a><\/li>\n<li><a class=\"wp-block-latest-posts__post-title\" href=\"https:\/\/blog.alwaysdata.com\/fr\/2016\/01\/18\/un-rafraichissement-pour-2016\/\">Un rafraichissement pour&nbsp;2016<\/a><\/li>\n<li><a class=\"wp-block-latest-posts__post-title\" href=\"https:\/\/blog.alwaysdata.com\/fr\/2015\/03\/05\/changement-des-noms-dhote-dacces-a-nos-services\/\">Changement des noms d\u2019h\u00f4te d\u2019acc\u00e8s \u00e0&nbsp;nos services<\/a><\/li>\n<li><a class=\"wp-block-latest-posts__post-title\" href=\"https:\/\/blog.alwaysdata.com\/fr\/2015\/01\/26\/de-2014-a-2015-avec-tous-nos-meilleurs-voeux\/\">De 2014 \u00e0&nbsp;2015, avec tous nos meilleurs v\u0153ux&nbsp;!<\/a><\/li>\n<li><a class=\"wp-block-latest-posts__post-title\" href=\"https:\/\/blog.alwaysdata.com\/fr\/2014\/07\/16\/quoi-de-neuf-juillet-2014\/\">Quoi de neuf, juillet 2014<\/a><\/li>\n<li><a class=\"wp-block-latest-posts__post-title\" href=\"https:\/\/blog.alwaysdata.com\/fr\/2014\/05\/21\/api-version-beta\/\">API version b\u00eata<\/a><\/li>\n<li><a class=\"wp-block-latest-posts__post-title\" href=\"https:\/\/blog.alwaysdata.com\/fr\/2014\/04\/23\/quoi-de-neuf-avril-2014\/\">Quoi de neuf, avril&nbsp;2014<\/a><\/li>\n<li><a class=\"wp-block-latest-posts__post-title\" href=\"https:\/\/blog.alwaysdata.com\/fr\/2014\/03\/03\/serveurs-dedies-nouvelles-fonctionnalites\/\">Serveurs d\u00e9di\u00e9s&nbsp;: nouvelles fonctionnalit\u00e9s<\/a><\/li>\n<li><a class=\"wp-block-latest-posts__post-title\" href=\"https:\/\/blog.alwaysdata.com\/fr\/2014\/02\/17\/alwaysdata-prend-son-independance\/\">alwaysdata prend son ind\u00e9pendance<\/a><\/li>\n<li><a class=\"wp-block-latest-posts__post-title\" href=\"https:\/\/blog.alwaysdata.com\/fr\/2014\/01\/13\/quoi-de-neuf-janvier-2014\/\">Quoi de neuf, janvier 2014<\/a><\/li>\n<li><a class=\"wp-block-latest-posts__post-title\" href=\"https:\/\/blog.alwaysdata.com\/fr\/2014\/01\/09\/de-2013-a-2014\/\">De 2013 \u00e0&nbsp;2014<\/a><\/li>\n<li><a class=\"wp-block-latest-posts__post-title\" href=\"https:\/\/blog.alwaysdata.com\/fr\/2013\/09\/25\/quoi-de-neuf-septembre-2013\/\">Quoi de neuf, septembre 2013<\/a><\/li>\n<li><a class=\"wp-block-latest-posts__post-title\" href=\"https:\/\/blog.alwaysdata.com\/fr\/2013\/07\/24\/retour-sur-lincident-mysql1-du-17-juillet-2013\/\">Retour sur l\u2019incident mysql1 du 17 juillet 2013<\/a><\/li>\n<li><a class=\"wp-block-latest-posts__post-title\" href=\"https:\/\/blog.alwaysdata.com\/fr\/2013\/06\/28\/quoi-de-neuf-juin-2013\/\">Quoi de neuf, juin&nbsp;2013<\/a><\/li>\n<li><a class=\"wp-block-latest-posts__post-title\" href=\"https:\/\/blog.alwaysdata.com\/fr\/2013\/03\/27\/quoi-de-neuf-mars-2013\/\">Quoi de neuf, mars&nbsp;2013<\/a><\/li>\n<li><a class=\"wp-block-latest-posts__post-title\" href=\"https:\/\/blog.alwaysdata.com\/fr\/2012\/11\/06\/retour-sur-la-panne-http4-du-21-octobre\/\">Retour sur la panne http4 du 21 octobre<\/a><\/li>\n<li><a class=\"wp-block-latest-posts__post-title\" href=\"https:\/\/blog.alwaysdata.com\/fr\/2012\/09\/12\/pyconfr-2012-2\/\">PyconFR 2012<\/a><\/li>\n<li><a class=\"wp-block-latest-posts__post-title\" href=\"https:\/\/blog.alwaysdata.com\/fr\/2012\/06\/14\/sms-de-validation-a-linscription\/\">SMS de validation \u00e0&nbsp;l\u2019inscription<\/a><\/li>\n<li><a class=\"wp-block-latest-posts__post-title\" href=\"https:\/\/blog.alwaysdata.com\/fr\/2012\/05\/21\/sud-web-2012-a-toulouse-les-25-et-26-mai\/\">Sud Web 2012 \u00e0&nbsp;Toulouse, les 25 et 26&nbsp;mai<\/a><\/li>\n<li><a class=\"wp-block-latest-posts__post-title\" href=\"https:\/\/blog.alwaysdata.com\/fr\/2012\/03\/21\/amelioration-du-systeme-de-paiement\/\">Am\u00e9lioration du syst\u00e8me de paiement<\/a><\/li>\n<li><a class=\"wp-block-latest-posts__post-title\" href=\"https:\/\/blog.alwaysdata.com\/fr\/2012\/03\/06\/adresses-ip-dediees-et-certificats-ssl\/\">Adresses IP d\u00e9di\u00e9es et certificats SSL<\/a><\/li>\n<li><a class=\"wp-block-latest-posts__post-title\" href=\"https:\/\/blog.alwaysdata.com\/fr\/2012\/02\/28\/evolution-de-ladministration-des-sous-domaines\/\">\u00c9volution de l\u2019administration des sous-domaines<\/a><\/li>\n<li><a class=\"wp-block-latest-posts__post-title\" href=\"https:\/\/blog.alwaysdata.com\/fr\/2012\/02\/15\/amelioration-de-la-delivrabilite-des-emails\/\">Am\u00e9lioration de la d\u00e9livrabilit\u00e9 des emails<\/a><\/li>\n<li><a class=\"wp-block-latest-posts__post-title\" href=\"https:\/\/blog.alwaysdata.com\/fr\/2012\/01\/04\/avec-votre-permission\/\">Avec votre permission<\/a><\/li>\n<li><a class=\"wp-block-latest-posts__post-title\" href=\"https:\/\/blog.alwaysdata.com\/fr\/2012\/01\/03\/bonne-annee-2012\/\">Bonne ann\u00e9e&nbsp;2012<\/a><\/li>\n<li><a class=\"wp-block-latest-posts__post-title\" href=\"https:\/\/blog.alwaysdata.com\/fr\/2011\/12\/28\/details-sur-les-perturbations-des-14-et-23-decembre\/\">D\u00e9tails sur les perturbations des 14 et 23 d\u00e9cembre<\/a><\/li>\n<li><a class=\"wp-block-latest-posts__post-title\" href=\"https:\/\/blog.alwaysdata.com\/fr\/2011\/11\/28\/alwaysdata-en-portugais\/\">alwaysdata en portugais<\/a><\/li>\n<li><a class=\"wp-block-latest-posts__post-title\" href=\"https:\/\/blog.alwaysdata.com\/fr\/2011\/11\/22\/djangocong-3-a-montpellier-les-14-et-15-avril-2012\/\">Djangocong #3 \u00e0&nbsp;Montpellier, les 14 et 15 avril&nbsp;2012<\/a><\/li>\n<li><a class=\"wp-block-latest-posts__post-title\" href=\"https:\/\/blog.alwaysdata.com\/fr\/2011\/08\/31\/en-route-vers-la-v4\/\">En route vers la&nbsp;v4<\/a><\/li>\n<li><a class=\"wp-block-latest-posts__post-title\" href=\"https:\/\/blog.alwaysdata.com\/fr\/2011\/06\/15\/suivez-letat-de-nos-services\/\">Suivez l\u2019\u00e9tat de nos services<\/a><\/li>\n<li><a class=\"wp-block-latest-posts__post-title\" href=\"https:\/\/blog.alwaysdata.com\/fr\/2011\/05\/24\/nouvelles-actions-sur-vos-domaines\/\">Nouvelles actions sur vos domaines<\/a><\/li>\n<li><a class=\"wp-block-latest-posts__post-title\" href=\"https:\/\/blog.alwaysdata.com\/fr\/2011\/05\/12\/support-officiel-de-couchdb\/\">Support officiel de CouchDB<\/a><\/li>\n<li><a class=\"wp-block-latest-posts__post-title\" href=\"https:\/\/blog.alwaysdata.com\/fr\/2011\/04\/26\/support-officiel-de-mongodb\/\">Support officiel de MongoDB<\/a><\/li>\n<li><a class=\"wp-block-latest-posts__post-title\" href=\"https:\/\/blog.alwaysdata.com\/fr\/2011\/03\/29\/administration-des-bases-de-donnees\/\">Administration des bases de donn\u00e9es<\/a><\/li>\n<li><a class=\"wp-block-latest-posts__post-title\" href=\"https:\/\/blog.alwaysdata.com\/fr\/2011\/02\/09\/compte-rendu-de-la-panne-du-7-fevrier-2011\/\">Compte-rendu de la panne du 7&nbsp;f\u00e9vrier 2011<\/a><\/li>\n<li><a class=\"wp-block-latest-posts__post-title\" href=\"https:\/\/blog.alwaysdata.com\/fr\/2011\/01\/24\/alwaysdata-en-allemand\/\">alwaysdata en allemand<\/a><\/li>\n<li><a class=\"wp-block-latest-posts__post-title\" href=\"https:\/\/blog.alwaysdata.com\/fr\/2011\/01\/19\/nouvelle-interface-de-statistiques\/\">Nouvelle interface de statistiques<\/a><\/li>\n<li><a class=\"wp-block-latest-posts__post-title\" href=\"https:\/\/blog.alwaysdata.com\/fr\/2011\/01\/18\/bonne-annee-2011\/\">Bonne ann\u00e9e&nbsp;2011&nbsp;!<\/a><\/li>\n<li><a class=\"wp-block-latest-posts__post-title\" href=\"https:\/\/blog.alwaysdata.com\/fr\/2010\/12\/29\/et-encore-une-autre-langue-le-tcheque\/\">Et encore une autre langue&nbsp;: le tch\u00e8que<\/a><\/li>\n<li><a class=\"wp-block-latest-posts__post-title\" href=\"https:\/\/blog.alwaysdata.com\/fr\/2010\/12\/17\/nouvelle-langue-le-polonais\/\">Nouvelle langue&nbsp;: le polonais<\/a><\/li>\n<\/ul>","protected":false},"excerpt":{"rendered":"<p>Blog archiv\u00e9 Notre blog est d\u00e9sormais archiv\u00e9&nbsp;! Pour suivre l\u2019\u00e9volution de notre plateforme, et occasionnellement d\u2019autres types d\u2019information, merci de consulter notre CHANGELOG.<\/p>\n","protected":false},"author":5,"featured_media":0,"parent":0,"menu_order":0,"comment_status":"closed","ping_status":"closed","template":"","meta":{"_acf_changed":false,"wp_typography_post_enhancements_disabled":false,"footnotes":""},"class_list":["post-3936","page","type-page","status-publish","hentry"],"acf":[],"_links":{"self":[{"href":"https:\/\/blog.alwaysdata.com\/fr\/wp-json\/wp\/v2\/pages\/3936","targetHints":{"allow":["GET"]}}],"collection":[{"href":"https:\/\/blog.alwaysdata.com\/fr\/wp-json\/wp\/v2\/pages"}],"about":[{"href":"https:\/\/blog.alwaysdata.com\/fr\/wp-json\/wp\/v2\/types\/page"}],"author":[{"embeddable":true,"href":"https:\/\/blog.alwaysdata.com\/fr\/wp-json\/wp\/v2\/users\/5"}],"replies":[{"embeddable":true,"href":"https:\/\/blog.alwaysdata.com\/fr\/wp-json\/wp\/v2\/comments?post=3936"}],"version-history":[{"count":5,"href":"https:\/\/blog.alwaysdata.com\/fr\/wp-json\/wp\/v2\/pages\/3936\/revisions"}],"predecessor-version":[{"id":3941,"href":"https:\/\/blog.alwaysdata.com\/fr\/wp-json\/wp\/v2\/pages\/3936\/revisions\/3941"}],"wp:attachment":[{"href":"https:\/\/blog.alwaysdata.com\/fr\/wp-json\/wp\/v2\/media?parent=3936"}],"curies":[{"name":"wp","href":"https:\/\/api.w.org\/{rel}","templated":true}]}}